{"id":7,"date":"2025-06-18T11:48:24","date_gmt":"2025-06-18T09:48:24","guid":{"rendered":"https:\/\/relite-consulting.com\/?page_id=7"},"modified":"2025-07-09T09:15:56","modified_gmt":"2025-07-09T07:15:56","slug":"relite-consulting-gmbh","status":"publish","type":"page","link":"https:\/\/relite-consulting.com\/","title":{"rendered":"RELITE Consulting GmbH"},"content":{"rendered":"\n<p class=\"has-text-align-left\">Die RELITE Consulting GmbH ist eine Beratungsfirma, die Unternehmen bei der digitalen Transformation und strategischen Gesch\u00e4ftsentwicklung unterst\u00fctzt. Unsere Expertise vereint fundiertes IT-Wissen mit betriebswirtschaftlicher Kompetenz, um ma\u00dfgeschneiderte und zukunftssichere L\u00f6sungen zu entwickeln.<\/p>\n\n\n\n<div class=\"wp-block-group has-global-padding is-layout-constrained wp-block-group-is-layout-constrained\">\n<p><strong>Kurzprofil Rainer JAGOUTZ<\/strong><\/p>\n\n\n\n<div class=\"wp-block-columns is-layout-flex wp-container-core-columns-is-layout-28f84493 wp-block-columns-is-layout-flex\">\n<div class=\"wp-block-column is-layout-flow wp-block-column-is-layout-flow\" style=\"flex-basis:33.33%\">\n<figure class=\"wp-block-image size-large\"><img loading=\"lazy\" decoding=\"async\" width=\"760\" height=\"1024\" src=\"https:\/\/relite-consulting.com\/wp-content\/uploads\/2025\/06\/Jagoutz-Rainer-760x1024.jpg\" alt=\"\" class=\"wp-image-58\" srcset=\"https:\/\/relite-consulting.com\/wp-content\/uploads\/2025\/06\/Jagoutz-Rainer-760x1024.jpg 760w, https:\/\/relite-consulting.com\/wp-content\/uploads\/2025\/06\/Jagoutz-Rainer-223x300.jpg 223w, https:\/\/relite-consulting.com\/wp-content\/uploads\/2025\/06\/Jagoutz-Rainer-768x1035.jpg 768w, https:\/\/relite-consulting.com\/wp-content\/uploads\/2025\/06\/Jagoutz-Rainer-1139x1536.jpg 1139w, https:\/\/relite-consulting.com\/wp-content\/uploads\/2025\/06\/Jagoutz-Rainer.jpg 1413w\" sizes=\"auto, (max-width: 760px) 100vw, 760px\" \/><\/figure>\n<\/div>\n\n\n\n<div class=\"wp-block-column is-layout-flow wp-block-column-is-layout-flow\" style=\"flex-basis:66.66%\">\n<p>Erfahrener Gesch\u00e4ftsf\u00fchrer mit umfassender Expertise in der IT-Branche, spezialisiert auf digitale Transformation, innovative Technologien und strategisches Management. Erfolgreich in der Leitung von Teams, Entwicklung von Gesch\u00e4ftsl\u00f6sungen und Skalierung von Unternehmensstrategien zur Erh\u00f6hung der Wettbewerbsf\u00e4higkeit und Profitabilit\u00e4t.<\/p>\n<\/div>\n<\/div>\n\n\n\n<p>Langj\u00e4hrige Erfahrung<\/p>\n\n\n\n<ul class=\"wp-block-list\">\n<li>10 Jahre in der IT-Beratung<\/li>\n\n\n\n<li>7 Jahre in der IT-Leitung<\/li>\n\n\n\n<li>12 Jahre in der Unternehmensf\u00fchrung<\/li>\n<\/ul>\n<\/div>\n\n\n\n<div class=\"wp-block-group has-global-padding is-layout-constrained wp-block-group-is-layout-constrained\">\n<p><strong>Leistungsumfang der RELITE Consulting GmbH<\/strong><\/p>\n\n\n\n<ul class=\"wp-block-list\">\n<li>IT-Strategieberatung und IT-Transformationen<\/li>\n\n\n\n<li>Implementierung neuer Technologien und Gesch\u00e4ftsprozesse<\/li>\n\n\n\n<li>Entwicklung und Umsetzung von Digitalisierungsstrategien<\/li>\n\n\n\n<li>Cloud- und Infrastrukturmanagement<\/li>\n\n\n\n<li>Cybersicherheitsl\u00f6sungen<\/li>\n\n\n\n<li>Optimierung von Gesch\u00e4ftsprozessen<\/li>\n\n\n\n<li>Change-Management und Organisationsentwicklung<\/li>\n\n\n\n<li>IT-Turn-Around-Projekt-Management<\/li>\n\n\n\n<li>Interim-Management<\/li>\n<\/ul>\n<\/div>\n\n\n\n<div class=\"wp-block-group has-global-padding is-layout-constrained wp-block-group-is-layout-constrained\">\n<p><strong>Mehrwert<\/strong><\/p>\n\n\n\n<ul class=\"wp-block-list\">\n<li>Ganzheitliche Beratung zur digitalen Transformation<\/li>\n\n\n\n<li>Nachhaltige und skalierbare IT-Strategien<\/li>\n\n\n\n<li>Wettbewerbsvorteile durch innovative Technologien<\/li>\n\n\n\n<li>Zusammenarbeit in einem Beraternetzwerk<\/li>\n<\/ul>\n<\/div>\n\n\n\n<div class=\"wp-block-group has-global-padding is-layout-constrained wp-block-group-is-layout-constrained\">\n<p><strong>Kontakt<\/strong><\/p>\n\n\n\n<div class=\"wp-block-columns is-layout-flex wp-container-core-columns-is-layout-28f84493 wp-block-columns-is-layout-flex\">\n<div class=\"wp-block-column is-layout-flow wp-block-column-is-layout-flow\">\n<p><strong>Rainer Jagoutz<\/strong><br><strong>RELITE Consulting GmbH<\/strong><br>Hagenbrunner Str. 46, A-2102 Bisamberg<br><em>rainer.jagoutz@relite-consulting.com<br>www.relite-consulting.com<\/em><br>Tel. +43 664 4634354<br>UID-Nr. ATU 82167557<br>FB-Nr. FN 653893 h<br>Landesgericht Korneuburg<\/p>\n<\/div>\n<\/div>\n<\/div>\n","protected":false},"excerpt":{"rendered":"<p>Die RELITE Consulting GmbH ist eine Beratungsfirma, die Unternehmen bei der digitalen Transformation und strategischen Gesch\u00e4ftsentwicklung unterst\u00fctzt. Unsere Expertise vereint fundiertes IT-Wissen mit betriebswirtschaftlicher Kompetenz, um ma\u00dfgeschneiderte und zukunftssichere L\u00f6sungen zu entwickeln. Kurzprofil Rainer JAGOUTZ Erfahrener Gesch\u00e4ftsf\u00fchrer mit umfassender Expertise in der IT-Branche, spezialisiert auf digitale Transformation, innovative Technologien und strategisches Management. Erfolgreich in der [&hellip;]<\/p>\n","protected":false},"author":1,"featured_media":0,"parent":0,"menu_order":0,"comment_status":"closed","ping_status":"closed","template":"","meta":{"footnotes":""},"class_list":["post-7","page","type-page","status-publish","hentry"],"_links":{"self":[{"href":"https:\/\/relite-consulting.com\/index.php?rest_route=\/wp\/v2\/pages\/7","targetHints":{"allow":["GET"]}}],"collection":[{"href":"https:\/\/relite-consulting.com\/index.php?rest_route=\/wp\/v2\/pages"}],"about":[{"href":"https:\/\/relite-consulting.com\/index.php?rest_route=\/wp\/v2\/types\/page"}],"author":[{"embeddable":true,"href":"https:\/\/relite-consulting.com\/index.php?rest_route=\/wp\/v2\/users\/1"}],"replies":[{"embeddable":true,"href":"https:\/\/relite-consulting.com\/index.php?rest_route=%2Fwp%2Fv2%2Fcomments&post=7"}],"version-history":[{"count":19,"href":"https:\/\/relite-consulting.com\/index.php?rest_route=\/wp\/v2\/pages\/7\/revisions"}],"predecessor-version":[{"id":60,"href":"https:\/\/relite-consulting.com\/index.php?rest_route=\/wp\/v2\/pages\/7\/revisions\/60"}],"wp:attachment":[{"href":"https:\/\/relite-consulting.com\/index.php?rest_route=%2Fwp%2Fv2%2Fmedia&parent=7"}],"curies":[{"name":"wp","href":"https:\/\/api.w.org\/{rel}","templated":true}]}}